{"id":3668,"date":"2023-05-03T08:24:44","date_gmt":"2023-05-03T06:24:44","guid":{"rendered":"https:\/\/rubricafarma.com\/politica-de-cookies\/"},"modified":"2023-05-03T08:24:44","modified_gmt":"2023-05-03T08:24:44","slug":"politica-de-cookies","status":"publish","type":"page","link":"https:\/\/rubricafarma.com\/ca\/politica-de-cookies","title":{"rendered":"Pol\u00edtica de Cookies"},"content":{"rendered":"\t\t<div data-elementor-type=\"wp-page\" data-elementor-id=\"3668\" class=\"elementor elementor-3668\" data-elementor-post-type=\"page\">\n\t\t\t\t\t\t<section class=\"elementor-section elementor-top-section elementor-element elementor-element-bc911bb elementor-section-stretched elementor-section-boxed elementor-section-height-default elementor-section-height-default\" data-id=\"bc911bb\" data-element_type=\"section\" data-e-type=\"section\" data-settings=\"{&quot;stretch_section&quot;:&quot;section-stretched&quot;}\">\n\t\t\t\t\t\t<div class=\"elementor-container elementor-column-gap-default\">\n\t\t\t\t\t<div class=\"elementor-column elementor-col-100 elementor-top-column elementor-element elementor-element-ef08ae3\" data-id=\"ef08ae3\" data-element_type=\"column\" data-e-type=\"column\">\n\t\t\t<div class=\"elementor-widget-wrap elementor-element-populated\">\n\t\t\t\t\t\t<div class=\"elementor-element elementor-element-b8a965a elementor-widget elementor-widget-heading\" data-id=\"b8a965a\" data-element_type=\"widget\" data-e-type=\"widget\" data-widget_type=\"heading.default\">\n\t\t\t\t<div class=\"elementor-widget-container\">\n\t\t\t\t\t<h2 class=\"elementor-heading-title elementor-size-default\">Pol\u00edtica de Cookies<\/h2>\t\t\t\t<\/div>\n\t\t\t\t<\/div>\n\t\t\t\t<div class=\"elementor-element elementor-element-e38a380 elementor-widget elementor-widget-text-editor\" data-id=\"e38a380\" data-element_type=\"widget\" data-e-type=\"widget\" data-widget_type=\"text-editor.default\">\n\t\t\t\t<div class=\"elementor-widget-container\">\n\t\t\t\t\t\t\t\t\t<p>R\u00daBRICA garantiza la privacidad de los datos de car\u00e1cter personal aportados, seg\u00fan el Reglamento General de Protecci\u00f3n de Datos (RGPD).<\/p><p>La visita a esta p\u00e1gina web no supone que el usuario est\u00e9 obligado a facilitar ninguna informaci\u00f3n sobre s\u00ed mismo, no obstante, durante la visita es posible que se soliciten daos de car\u00e1cter personal a trav\u00e9s de formularios.<\/p><p>Dichos datos ser\u00e1n incorporados a un fichero responsabilidad de R\u00daBRICA y ser\u00e1n utilizados con la finalidad de contestar la solicitud realizada por su parte y para enviarles informaci\u00f3n de nuestra empresa y servicios por cualquier medio de comunicaci\u00f3n. Al enviarnos dicho formulario, usted est\u00e1 aceptando expl\u00edcitamente la recepci\u00f3n de los mismos. Estos datos se cancelar\u00e1n a petici\u00f3n suya o una vez satisfecho la finalidad para la que fueron recabados.<\/p><p>C\u00f3mo ejercitar los derechos:\u00a0Los usuarios pueden dirigir una comunicaci\u00f3n por escrito a R\u00daBRICA con domicilio en RAMBLA DE CATALUNYA 61, PRAL 2\u00aa, 08007 BARCELONA., o a la direcci\u00f3n de correo electr\u00f3nico\u00a0<span style=\"color: #82c7cd;\"><a style=\"color: #82c7cd;\" href=\"mailto:hola@rubricafarma.com\">HOLA@RUBRICAFARMA.COM<\/a><\/span>\u00a0incluyendo en ambos casos una fotocopia de su DNI u otro documento identificativo similar, para ejercitar sus derechos, que son los siguientes:<\/p><ul><li>Derecho a solicitar el acceso a los datos personales: usted podr\u00e1 preguntar a R\u00daBRICA si esta empresa est\u00e1 tratando sus datos.<\/li><li>Derecho a solicitar su rectificaci\u00f3n (en caso de que sean incorrectos) o supresi\u00f3n.<\/li><li>Derecho a solicitar la limitaci\u00f3n de su tratamiento, en cuyo caso \u00fanicamente ser\u00e1n conservados por R\u00daBRICA para el ejercicio o la defensa de reclamaciones.<\/li><li>Derecho a oponerse al tratamiento: R\u00daBRICA dejar\u00e1 de tratar los datos en la forma que usted indique, salvo que por motivos leg\u00edtimos imperiosos o el ejercicio o la defensa de posibles reclamaciones se tengan que seguir tratando.<\/li><li>Derecho a la portabilidad de los datos: en caso de que quiera que sus datos sean tratados por otra firma, R\u00daBRICA le facilitar\u00e1 la portabilidad de sus datos al nuevo responsable.<\/li><\/ul><p>Posibilidad de retirar el consentimiento: en el caso de que se haya otorgado el consentimiento para alguna finalidad espec\u00edfica, usted tiene derecho a retirar el consentimiento en cualquier momento, sin que ello afecte a la ilicitud del tratamiento basado en el consentimiento previo a su retirada.<\/p><p>C\u00f3mo reclamar ante la Autoridad de Control: Si un usuario considera que hay un problema con la forma en que R\u00daBRICA est\u00e1 manejando sus datos, puede dirigir sus reclamaciones a la autoridad de protecci\u00f3n de datos que corresponda, siendo la Agencia Espa\u00f1ola de Protecci\u00f3n de Datos la indicada en el caso de Espa\u00f1a.<\/p><p>La negativa a proporcionar los datos supondr\u00e1 la no prestaci\u00f3n o la imposibilidad de acceder al servicio para los que eran solicitados. Usted tiene derecho a recibir respuesta de cualquier pregunta, consulta o aclaraci\u00f3n que le surja derivada de este formulario.<\/p><p>Las partes se someten, a su elecci\u00f3n, para la resoluci\u00f3n de los conflictos y con renuncia a cualquier otro fuero, a los juzgados y tribunales del domicilio del propietario del sitio Web.<\/p><p>Puede que los revise un servicio de detecci\u00f3n autom\u00e1tica de spam.<\/p>\t\t\t\t\t\t\t\t<\/div>\n\t\t\t\t<\/div>\n\t\t\t\t<div class=\"elementor-element elementor-element-5941ab9 elementor-widget elementor-widget-text-editor\" data-id=\"5941ab9\" data-element_type=\"widget\" data-e-type=\"widget\" data-widget_type=\"text-editor.default\">\n\t\t\t\t<div class=\"elementor-widget-container\">\n\t\t\t\t\t\t\t\t\t<p>La presente informaci\u00f3n regula las condiciones de uso, las limitaciones de responsabilidad y las obligaciones que los usuarios de la p\u00e1gina web que se publica bajo el nombre del dominio\u00a0<span style=\"color: #82c7cd;\"><a style=\"color: #82c7cd;\" href=\"http:\/\/www.rubricafarma.com\/\">WWW.RUBRICAFARMA.COM<\/a><\/span>\u00a0las cuales los usuarios asumen y se comprometen a respetar.<\/p><p><span style=\"color: #82c7cd;\"><strong>COOKIES<\/strong><\/span><\/p><p><a href=\"http:\/\/www.rubricafarma.com\/\"><span style=\"color: #82c7cd;\">WWW.RUBRICAFARMA.COM<\/span><\/a>\u00a0utiliza cookies para facilitar la navegaci\u00f3n por dicho portal y\u00a0 para obtener una mayor eficacia y personalizaci\u00f3n de los servicios ofrecidos a los usuarios. Las cookies empleadas en\u00a0<span style=\"color: #82c7cd;\"><a style=\"color: #82c7cd;\" href=\"http:\/\/www.rubricafarma.com\/\">WWW.RUBRICAFARMA.COM<\/a>\u00a0<\/span>se asocian \u00fanicamente con un usuario y su ordenador, no proporcionan referencias que permitan deducir el nombre y apellidos del usuario y no pueden leer datos de su disco duro ni incluir virus en sus equipos. Asimismo,\u00a0<span style=\"color: #82c7cd;\"><a style=\"color: #82c7cd;\" href=\"http:\/\/www.rubricafarma.com\/\">WWW.RUBRICAFARMA.COM<\/a><\/span>\u00a0no puede leer las cookies implantadas en el disco duro del usuario des de otros servidores.<\/p><p>El usuario puede libremente decidir acerca de la implantaci\u00f3n o no en su disco duro de las cookies empleadas en\u00a0<span style=\"color: #82c7cd;\"><a style=\"color: #82c7cd;\" href=\"http:\/\/www.rubricafarma.com\/\">WWW.RUBRICAFARMA.COM<\/a><\/span>. En este sentido, el usuario puede configurar su navegador para aceptar o rechazar por defecto todas las cookies o para recibir un aviso en pantalla de la recepci\u00f3n de cada cookie y decidir en ese momento su implantaci\u00f3n o no en su disco duro. Para ello le sugerimos consultar la secci\u00f3n de ayuda de su navegador para saber c\u00f3mo cambiar la configuraci\u00f3n que actualmente emplea. Aun cuando el usuario configurase su navegador para rechazar todas las cookies o rechazase expresamente las cookies de\u00a0<span style=\"color: #82c7cd;\"><a style=\"color: #82c7cd;\" href=\"http:\/\/www.rubricafarma.com\/\">WWW.RUBRICAFARMA.COM<\/a><\/span>\u00a0podr\u00e1 navegar por el portal con el \u00fanico inconveniente de no poder disfrutar de las funcionalidades del portal que requieran la instalaci\u00f3n de alguna de ellas. En cualquier caso, el usuario podr\u00e1 eliminar las cookies de\u00a0<span style=\"color: #82c7cd;\"><a style=\"color: #82c7cd;\" href=\"http:\/\/www.rubricafarma.com\/\">WWW.RUBRICAFARMA.COM<\/a><\/span>\u00a0implantadas en su disco duro en cualquier momento, siguiendo el procedimiento establecido en la secci\u00f3n de ayuda de su navegador o entrando en el enlace\u00a0<span style=\"color: #82c7cd;\"><strong>Pol\u00edtica de Cookies<\/strong><\/span>\u00a0de este sitio web.<\/p>\t\t\t\t\t\t\t\t<\/div>\n\t\t\t\t<\/div>\n\t\t\t\t\t<\/div>\n\t\t<\/div>\n\t\t\t\t\t<\/div>\n\t\t<\/section>\n\t\t\t\t<\/div>\n\t\t","protected":false},"excerpt":{"rendered":"<p>Pol\u00edtica de Cookies R\u00daBRICA garanteix la privadesa de les dades de car\u00e0cter personal aportades, segons el Reglament General de Protecci\u00f3 de Dades (RGPD). La visita a aquesta p\u00e0gina web no suposa que l&#8217;usuari estigui obligat a facilitar cap informaci\u00f3 sobre si mateix, no obstant, durant la visita \u00e9s possible que se sol\u00b7licitin doneu-vos de car\u00e0cter [&hellip;]<\/p>\n","protected":false},"author":3,"featured_media":0,"parent":0,"menu_order":11,"comment_status":"closed","ping_status":"closed","template":"elementor_header_footer","meta":{"om_disable_all_campaigns":false,"_monsterinsights_skip_tracking":false,"_monsterinsights_sitenote_active":false,"_monsterinsights_sitenote_note":"","_monsterinsights_sitenote_category":0,"_uf_show_specific_survey":0,"_uf_disable_surveys":false,"footnotes":""},"class_list":["post-3668","page","type-page","status-publish","hentry"],"yoast_head":"<!-- This site is optimized with the Yoast SEO plugin v27.3 - https:\/\/yoast.com\/product\/yoast-seo-wordpress\/ -->\n<title>Pol\u00edtica de Cookies<\/title>\n<meta name=\"robots\" content=\"index, follow, max-snippet:-1, max-image-preview:large, max-video-preview:-1\" \/>\n<link rel=\"canonical\" href=\"https:\/\/rubricafarma.com\/ca\/politica-de-cookies\" \/>\n<meta property=\"og:locale\" content=\"ca_ES\" \/>\n<meta property=\"og:type\" content=\"article\" \/>\n<meta property=\"og:title\" content=\"Pol\u00edtica de Cookies\" \/>\n<meta property=\"og:description\" content=\"Pol\u00edtica de Cookies R\u00daBRICA garanteix la privadesa de les dades de car\u00e0cter personal aportades, segons el Reglament General de Protecci\u00f3 de Dades (RGPD). La visita a aquesta p\u00e0gina web no suposa que l&#8217;usuari estigui obligat a facilitar cap informaci\u00f3 sobre si mateix, no obstant, durant la visita \u00e9s possible que se sol\u00b7licitin doneu-vos de car\u00e0cter [&hellip;]\" \/>\n<meta property=\"og:url\" content=\"https:\/\/rubricafarma.com\/ca\/politica-de-cookies\" \/>\n<meta property=\"og:site_name\" content=\"R\u00fabrica Farma\" \/>\n<meta property=\"article:modified_time\" content=\"2023-05-03T08:24:44+00:00\" \/>\n<meta name=\"twitter:card\" content=\"summary_large_image\" \/>\n<meta name=\"twitter:label1\" content=\"Temps estimat de lectura\" \/>\n\t<meta name=\"twitter:data1\" content=\"4 minuts\" \/>\n<script type=\"application\/ld+json\" class=\"yoast-schema-graph\">{\"@context\":\"https:\\\/\\\/schema.org\",\"@graph\":[{\"@type\":\"WebPage\",\"@id\":\"https:\\\/\\\/rubricafarma.com\\\/ca\\\/politica-de-cookies\",\"url\":\"https:\\\/\\\/rubricafarma.com\\\/ca\\\/politica-de-cookies\",\"name\":\"Pol\u00edtica de Cookies\",\"isPartOf\":{\"@id\":\"https:\\\/\\\/rubricafarma.com\\\/ca#website\"},\"datePublished\":\"2023-05-03T06:24:44+00:00\",\"dateModified\":\"2023-05-03T08:24:44+00:00\",\"breadcrumb\":{\"@id\":\"https:\\\/\\\/rubricafarma.com\\\/ca\\\/politica-de-cookies#breadcrumb\"},\"inLanguage\":\"ca\",\"potentialAction\":[{\"@type\":\"ReadAction\",\"target\":[\"https:\\\/\\\/rubricafarma.com\\\/ca\\\/politica-de-cookies\"]}]},{\"@type\":\"BreadcrumbList\",\"@id\":\"https:\\\/\\\/rubricafarma.com\\\/ca\\\/politica-de-cookies#breadcrumb\",\"itemListElement\":[{\"@type\":\"ListItem\",\"position\":1,\"name\":\"Portada\",\"item\":\"https:\\\/\\\/rubricafarma.com\\\/ca\"},{\"@type\":\"ListItem\",\"position\":2,\"name\":\"Pol\u00edtica de Cookies\"}]},{\"@type\":\"WebSite\",\"@id\":\"https:\\\/\\\/rubricafarma.com\\\/ca#website\",\"url\":\"https:\\\/\\\/rubricafarma.com\\\/ca\",\"name\":\"R\u00fabrica Farma\",\"description\":\"Compra Venta de Farmacias\",\"publisher\":{\"@id\":\"https:\\\/\\\/rubricafarma.com\\\/ca#organization\"},\"potentialAction\":[{\"@type\":\"SearchAction\",\"target\":{\"@type\":\"EntryPoint\",\"urlTemplate\":\"https:\\\/\\\/rubricafarma.com\\\/ca?s={search_term_string}\"},\"query-input\":{\"@type\":\"PropertyValueSpecification\",\"valueRequired\":true,\"valueName\":\"search_term_string\"}}],\"inLanguage\":\"ca\"},{\"@type\":\"Organization\",\"@id\":\"https:\\\/\\\/rubricafarma.com\\\/ca#organization\",\"name\":\"R\u00fabrica Farma\",\"url\":\"https:\\\/\\\/rubricafarma.com\\\/ca\",\"logo\":{\"@type\":\"ImageObject\",\"inLanguage\":\"ca\",\"@id\":\"https:\\\/\\\/rubricafarma.com\\\/ca#\\\/schema\\\/logo\\\/image\\\/\",\"url\":\"https:\\\/\\\/rubricafarma.com\\\/wp-content\\\/uploads\\\/2022\\\/01\\\/AF_Lg-Rubrica-4T.png\",\"contentUrl\":\"https:\\\/\\\/rubricafarma.com\\\/wp-content\\\/uploads\\\/2022\\\/01\\\/AF_Lg-Rubrica-4T.png\",\"width\":2848,\"height\":973,\"caption\":\"R\u00fabrica Farma\"},\"image\":{\"@id\":\"https:\\\/\\\/rubricafarma.com\\\/ca#\\\/schema\\\/logo\\\/image\\\/\"},\"sameAs\":[\"https:\\\/\\\/www.instagram.com\\\/rubricafarma\\\/\",\"https:\\\/\\\/www.linkedin.com\\\/company\\\/rubricafarma\\\/\",\"https:\\\/\\\/www.youtube.com\\\/@rubricafarma\"]}]}<\/script>\n<!-- \/ Yoast SEO plugin. -->","yoast_head_json":{"title":"Pol\u00edtica de Cookies","robots":{"index":"index","follow":"follow","max-snippet":"max-snippet:-1","max-image-preview":"max-image-preview:large","max-video-preview":"max-video-preview:-1"},"canonical":"https:\/\/rubricafarma.com\/ca\/politica-de-cookies","og_locale":"ca_ES","og_type":"article","og_title":"Pol\u00edtica de Cookies","og_description":"Pol\u00edtica de Cookies R\u00daBRICA garanteix la privadesa de les dades de car\u00e0cter personal aportades, segons el Reglament General de Protecci\u00f3 de Dades (RGPD). La visita a aquesta p\u00e0gina web no suposa que l&#8217;usuari estigui obligat a facilitar cap informaci\u00f3 sobre si mateix, no obstant, durant la visita \u00e9s possible que se sol\u00b7licitin doneu-vos de car\u00e0cter [&hellip;]","og_url":"https:\/\/rubricafarma.com\/ca\/politica-de-cookies","og_site_name":"R\u00fabrica Farma","article_modified_time":"2023-05-03T08:24:44+00:00","twitter_card":"summary_large_image","twitter_misc":{"Temps estimat de lectura":"4 minuts"},"schema":{"@context":"https:\/\/schema.org","@graph":[{"@type":"WebPage","@id":"https:\/\/rubricafarma.com\/ca\/politica-de-cookies","url":"https:\/\/rubricafarma.com\/ca\/politica-de-cookies","name":"Pol\u00edtica de Cookies","isPartOf":{"@id":"https:\/\/rubricafarma.com\/ca#website"},"datePublished":"2023-05-03T06:24:44+00:00","dateModified":"2023-05-03T08:24:44+00:00","breadcrumb":{"@id":"https:\/\/rubricafarma.com\/ca\/politica-de-cookies#breadcrumb"},"inLanguage":"ca","potentialAction":[{"@type":"ReadAction","target":["https:\/\/rubricafarma.com\/ca\/politica-de-cookies"]}]},{"@type":"BreadcrumbList","@id":"https:\/\/rubricafarma.com\/ca\/politica-de-cookies#breadcrumb","itemListElement":[{"@type":"ListItem","position":1,"name":"Portada","item":"https:\/\/rubricafarma.com\/ca"},{"@type":"ListItem","position":2,"name":"Pol\u00edtica de Cookies"}]},{"@type":"WebSite","@id":"https:\/\/rubricafarma.com\/ca#website","url":"https:\/\/rubricafarma.com\/ca","name":"R\u00fabrica Farma","description":"Compra Venta de Farmacias","publisher":{"@id":"https:\/\/rubricafarma.com\/ca#organization"},"potentialAction":[{"@type":"SearchAction","target":{"@type":"EntryPoint","urlTemplate":"https:\/\/rubricafarma.com\/ca?s={search_term_string}"},"query-input":{"@type":"PropertyValueSpecification","valueRequired":true,"valueName":"search_term_string"}}],"inLanguage":"ca"},{"@type":"Organization","@id":"https:\/\/rubricafarma.com\/ca#organization","name":"R\u00fabrica Farma","url":"https:\/\/rubricafarma.com\/ca","logo":{"@type":"ImageObject","inLanguage":"ca","@id":"https:\/\/rubricafarma.com\/ca#\/schema\/logo\/image\/","url":"https:\/\/rubricafarma.com\/wp-content\/uploads\/2022\/01\/AF_Lg-Rubrica-4T.png","contentUrl":"https:\/\/rubricafarma.com\/wp-content\/uploads\/2022\/01\/AF_Lg-Rubrica-4T.png","width":2848,"height":973,"caption":"R\u00fabrica Farma"},"image":{"@id":"https:\/\/rubricafarma.com\/ca#\/schema\/logo\/image\/"},"sameAs":["https:\/\/www.instagram.com\/rubricafarma\/","https:\/\/www.linkedin.com\/company\/rubricafarma\/","https:\/\/www.youtube.com\/@rubricafarma"]}]}},"_links":{"self":[{"href":"https:\/\/rubricafarma.com\/ca\/wp-json\/wp\/v2\/pages\/3668","targetHints":{"allow":["GET"]}}],"collection":[{"href":"https:\/\/rubricafarma.com\/ca\/wp-json\/wp\/v2\/pages"}],"about":[{"href":"https:\/\/rubricafarma.com\/ca\/wp-json\/wp\/v2\/types\/page"}],"author":[{"embeddable":true,"href":"https:\/\/rubricafarma.com\/ca\/wp-json\/wp\/v2\/users\/3"}],"replies":[{"embeddable":true,"href":"https:\/\/rubricafarma.com\/ca\/wp-json\/wp\/v2\/comments?post=3668"}],"version-history":[{"count":0,"href":"https:\/\/rubricafarma.com\/ca\/wp-json\/wp\/v2\/pages\/3668\/revisions"}],"wp:attachment":[{"href":"https:\/\/rubricafarma.com\/ca\/wp-json\/wp\/v2\/media?parent=3668"}],"curies":[{"name":"wp","href":"https:\/\/api.w.org\/{rel}","templated":true}]}}